{"id":52,"date":"2025-05-09T01:40:03","date_gmt":"2025-05-08T23:40:03","guid":{"rendered":"http:\/\/www.cbdnaturelfran\u00e7ais.fr\/?page_id=52"},"modified":"2025-11-10T00:10:46","modified_gmt":"2025-11-09T23:10:46","slug":"contact","status":"publish","type":"page","link":"https:\/\/www.cbdnaturelfran\u00e7ais.fr\/?page_id=52","title":{"rendered":"Contact"},"content":{"rendered":"\t\t<div data-elementor-type=\"wp-page\" data-elementor-id=\"52\" class=\"elementor elementor-52\">\n\t\t\t\t<div class=\"elementor-element elementor-element-1da5ee3 e-flex e-con-boxed e-con e-parent\" data-id=\"1da5ee3\" data-element_type=\"container\" data-e-type=\"container\" data-settings=\"{&quot;background_background&quot;:&quot;classic&quot;}\">\n\t\t\t\t\t<div class=\"e-con-inner\">\n\t\t\t\t<div class=\"elementor-element elementor-element-0babc09 animated-slow elementor-widget elementor-widget-heading\" data-id=\"0babc09\" data-element_type=\"widget\" data-e-type=\"widget\" data-settings=\"{&quot;_animation&quot;:&quot;none&quot;}\" data-widget_type=\"heading.default\">\n\t\t\t\t<div class=\"elementor-widget-container\">\n\t\t\t\t\t<h2 class=\"elementor-heading-title elementor-size-default\">FORMULAIRE DE CONTACT<\/h2>\t\t\t\t<\/div>\n\t\t\t\t<\/div>\n\t\t\t\t\t<\/div>\n\t\t\t\t<\/div>\n\t\t<div class=\"elementor-element elementor-element-e3568db e-con-full e-flex e-con e-parent\" data-id=\"e3568db\" data-element_type=\"container\" data-e-type=\"container\">\n\t\t\t\t<div class=\"elementor-element elementor-element-f1859e1 elementor-widget elementor-widget-shortcode\" data-id=\"f1859e1\" data-element_type=\"widget\" data-e-type=\"widget\" data-widget_type=\"shortcode.default\">\n\t\t\t\t<div class=\"elementor-widget-container\">\n\t\t\t\t\t\t\t<div class=\"elementor-shortcode\">\n<div class=\"wpcf7 no-js\" id=\"wpcf7-f51-o1\" lang=\"fr-FR\" dir=\"ltr\" data-wpcf7-id=\"51\">\n<div class=\"screen-reader-response\"><p role=\"status\" aria-live=\"polite\" aria-atomic=\"true\"><\/p> <ul><\/ul><\/div>\n<form action=\"\/index.php?rest_route=%2Fwp%2Fv2%2Fpages%2F52#wpcf7-f51-o1\" method=\"post\" class=\"wpcf7-form init\" aria-label=\"Formulaire de contact\" novalidate=\"novalidate\" data-status=\"init\">\n<fieldset class=\"hidden-fields-container\"><input type=\"hidden\" name=\"_wpcf7\" value=\"51\" \/><input type=\"hidden\" name=\"_wpcf7_version\" value=\"6.1.5\" \/><input type=\"hidden\" name=\"_wpcf7_locale\" value=\"fr_FR\" \/><input type=\"hidden\" name=\"_wpcf7_unit_tag\" value=\"wpcf7-f51-o1\" \/><input type=\"hidden\" name=\"_wpcf7_container_post\" value=\"0\" \/><input type=\"hidden\" name=\"_wpcf7_posted_data_hash\" value=\"\" \/>\n<\/fieldset>\n<p><span class=\"wpcf7-form-control-wrap\" data-name=\"Nom\"><input size=\"40\" maxlength=\"400\" class=\"wpcf7-form-control wpcf7-text wpcf7-validates-as-required\" aria-required=\"true\" aria-invalid=\"false\" placeholder=\"Votre nom\" value=\"\" type=\"text\" name=\"Nom\" \/><\/span><br \/>\n<span class=\"wpcf7-form-control-wrap\" data-name=\"prenom\"><input size=\"40\" maxlength=\"400\" class=\"wpcf7-form-control wpcf7-text wpcf7-validates-as-required\" aria-required=\"true\" aria-invalid=\"false\" placeholder=\"Votre pr\u00e9nom\" value=\"\" type=\"text\" name=\"prenom\" \/><\/span><br \/>\n<span class=\"wpcf7-form-control-wrap\" data-name=\"email\"><input size=\"40\" maxlength=\"400\" class=\"wpcf7-form-control wpcf7-email wpcf7-validates-as-required wpcf7-text wpcf7-validates-as-email\" aria-required=\"true\" aria-invalid=\"false\" placeholder=\"Votre email\" value=\"\" type=\"email\" name=\"email\" \/><\/span><br \/>\n<span class=\"wpcf7-form-control-wrap\" data-name=\"telephone\"><input size=\"40\" maxlength=\"400\" class=\"wpcf7-form-control wpcf7-tel wpcf7-text wpcf7-validates-as-tel\" aria-invalid=\"false\" placeholder=\"votre telephone\" value=\"\" type=\"tel\" name=\"telephone\" \/><\/span><br \/>\n<span class=\"wpcf7-form-control-wrap\" data-name=\"message\"><textarea cols=\"40\" rows=\"10\" maxlength=\"2000\" class=\"wpcf7-form-control wpcf7-textarea wpcf7-validates-as-required\" aria-required=\"true\" aria-invalid=\"false\" placeholder=\"votre message\" name=\"message\"><\/textarea><\/span><input class=\"wpcf7-form-control wpcf7-submit has-spinner\" type=\"submit\" value=\"ENVOYER\" \/>\n<\/p><p style=\"display: none !important;\" class=\"akismet-fields-container\" data-prefix=\"_wpcf7_ak_\"><label>&#916;<textarea name=\"_wpcf7_ak_hp_textarea\" cols=\"45\" rows=\"8\" maxlength=\"100\"><\/textarea><\/label><input type=\"hidden\" id=\"ak_js_1\" name=\"_wpcf7_ak_js\" value=\"182\"\/><script>document.getElementById( \"ak_js_1\" ).setAttribute( \"value\", ( new Date() ).getTime() );<\/script><\/p><div class=\"wpcf7-response-output\" aria-hidden=\"true\"><\/div>\n<\/form>\n<\/div>\n<\/div>\n\t\t\t\t\t\t<\/div>\n\t\t\t\t<\/div>\n\t\t\t\t<\/div>\n\t\t<div class=\"elementor-element elementor-element-8c76035 e-grid e-con-boxed e-con e-parent\" data-id=\"8c76035\" data-element_type=\"container\" data-e-type=\"container\" data-settings=\"{&quot;background_background&quot;:&quot;gradient&quot;}\">\n\t\t\t\t\t<div class=\"e-con-inner\">\n\t\t\t\t<div class=\"elementor-element elementor-element-218cd44 elementor-widget elementor-widget-google_maps\" data-id=\"218cd44\" data-element_type=\"widget\" data-e-type=\"widget\" data-widget_type=\"google_maps.default\">\n\t\t\t\t<div class=\"elementor-widget-container\">\n\t\t\t\t\t\t\t<div class=\"elementor-custom-embed\">\n\t\t\t<iframe\n\t\t\t\t\tdata-src=\"https:\/\/maps.google.com\/maps?q=Promenade%20de%20l%27ancien%20stade%2C%2034440%20COLOMBIERS&#038;t=m&#038;z=10&#038;output=embed&#038;iwloc=near\"\n\t\t\t\t\ttitle=\"Promenade de l&#039;ancien stade, 34440 COLOMBIERS\"\n\t\t\t\t\taria-label=\"Promenade de l&#039;ancien stade, 34440 COLOMBIERS\"\n\t\t\t src=\"data:image\/svg+xml;base64,PHN2ZyB3aWR0aD0iMSIgaGVpZ2h0PSIxIiB4bWxucz0iaHR0cDovL3d3dy53My5vcmcvMjAwMC9zdmciPjwvc3ZnPg==\" class=\"lazyload\" data-load-mode=\"1\"><\/iframe>\n\t\t<\/div>\n\t\t\t\t\t\t<\/div>\n\t\t\t\t<\/div>\n\t\t\t\t<div class=\"elementor-element elementor-element-82db59e elementor-widget elementor-widget-image\" data-id=\"82db59e\" data-element_type=\"widget\" data-e-type=\"widget\" data-widget_type=\"image.default\">\n\t\t\t\t<div class=\"elementor-widget-container\">\n\t\t\t\t\t\t\t\t\t\t\t\t\t\t\t<img decoding=\"async\" data-src=\"https:\/\/www.cbdnaturelfran\u00e7ais.fr\/wp-content\/uploads\/elementor\/thumbs\/shop-center-3722822_1280-r6ga461d4jh8g92wovfwmn4nw8fscezchcf1ksxioc.jpg\" title=\"shop-center-3722822_1280\" alt=\"Boutique CBD LGM\" src=\"data:image\/svg+xml;base64,PHN2ZyB3aWR0aD0iMSIgaGVpZ2h0PSIxIiB4bWxucz0iaHR0cDovL3d3dy53My5vcmcvMjAwMC9zdmciPjwvc3ZnPg==\" class=\"lazyload\" style=\"--smush-placeholder-width: 800px; --smush-placeholder-aspect-ratio: 800\/430;\" \/>\t\t\t\t\t\t\t\t\t\t\t\t\t\t\t<\/div>\n\t\t\t\t<\/div>\n\t\t\t\t\t<\/div>\n\t\t\t\t<\/div>\n\t\t\t\t<\/div>\n\t\t","protected":false},"excerpt":{"rendered":"<p>Nous contacter <\/p>\n","protected":false},"author":1,"featured_media":0,"parent":0,"menu_order":0,"comment_status":"closed","ping_status":"closed","template":"elementor_header_footer","meta":{"footnotes":""},"class_list":["post-52","page","type-page","status-publish","hentry"],"yoast_head":"<!-- This site is optimized with the Yoast SEO plugin v27.1.1 - https:\/\/yoast.com\/product\/yoast-seo-wordpress\/ -->\n<title>Contact - CBD Naturel Fran\u00e7ais<\/title>\n<meta name=\"description\" content=\"Besoin d\u2019informations sur nos produits de CBD 100% naturels et fran\u00e7ais ? Contactez notre \u00e9quipe d\u00e8s aujourd\u2019hui.\" \/>\n<meta name=\"robots\" content=\"index, follow, max-snippet:-1, max-image-preview:large, max-video-preview:-1\" \/>\n<link rel=\"canonical\" href=\"https:\/\/www.cbdnaturelfran\u00e7ais.fr\/?page_id=52\" \/>\n<meta property=\"og:locale\" content=\"fr_FR\" \/>\n<meta property=\"og:type\" content=\"article\" \/>\n<meta property=\"og:title\" content=\"Contact - CBD Naturel Fran\u00e7ais\" \/>\n<meta property=\"og:description\" content=\"Besoin d\u2019informations sur nos produits de CBD 100% naturels et fran\u00e7ais ? Contactez notre \u00e9quipe d\u00e8s aujourd\u2019hui.\" \/>\n<meta property=\"og:url\" content=\"https:\/\/www.cbdnaturelfran\u00e7ais.fr\/?page_id=52\" \/>\n<meta property=\"og:site_name\" content=\"CBD Naturel Fran\u00e7ais\" \/>\n<meta property=\"article:modified_time\" content=\"2025-11-09T23:10:46+00:00\" \/>\n<meta name=\"twitter:card\" content=\"summary_large_image\" \/>\n<meta name=\"twitter:label1\" content=\"Dur\u00e9e de lecture estim\u00e9e\" \/>\n\t<meta name=\"twitter:data1\" content=\"1 minute\" \/>\n<script type=\"application\/ld+json\" class=\"yoast-schema-graph\">{\"@context\":\"https:\/\/schema.org\",\"@graph\":[{\"@type\":\"WebPage\",\"@id\":\"https:\/\/www.cbdnaturelfran\u00e7ais.fr\/?page_id=52\",\"url\":\"https:\/\/www.cbdnaturelfran\u00e7ais.fr\/?page_id=52\",\"name\":\"Contact - CBD Naturel Fran\u00e7ais\",\"isPartOf\":{\"@id\":\"https:\/\/www.cbdnaturelfran\u00e7ais.fr\/#website\"},\"datePublished\":\"2025-05-08T23:40:03+00:00\",\"dateModified\":\"2025-11-09T23:10:46+00:00\",\"description\":\"Besoin d\u2019informations sur nos produits de CBD 100% naturels et fran\u00e7ais ? Contactez notre \u00e9quipe d\u00e8s aujourd\u2019hui.\",\"breadcrumb\":{\"@id\":\"https:\/\/www.cbdnaturelfran\u00e7ais.fr\/?page_id=52#breadcrumb\"},\"inLanguage\":\"fr-FR\",\"potentialAction\":[{\"@type\":\"ReadAction\",\"target\":[\"https:\/\/www.cbdnaturelfran\u00e7ais.fr\/?page_id=52\"]}]},{\"@type\":\"BreadcrumbList\",\"@id\":\"https:\/\/www.cbdnaturelfran\u00e7ais.fr\/?page_id=52#breadcrumb\",\"itemListElement\":[{\"@type\":\"ListItem\",\"position\":1,\"name\":\"Accueil\",\"item\":\"https:\/\/www.cbdnaturelfran\u00e7ais.fr\/\"},{\"@type\":\"ListItem\",\"position\":2,\"name\":\"Contact\"}]},{\"@type\":\"WebSite\",\"@id\":\"https:\/\/www.cbdnaturelfran\u00e7ais.fr\/#website\",\"url\":\"https:\/\/www.cbdnaturelfran\u00e7ais.fr\/\",\"name\":\"CBD Naturel Fran\u00e7ais\",\"description\":\"La Nature au Service de votre Bien \u00eatre\",\"potentialAction\":[{\"@type\":\"SearchAction\",\"target\":{\"@type\":\"EntryPoint\",\"urlTemplate\":\"https:\/\/www.cbdnaturelfran\u00e7ais.fr\/?s={search_term_string}\"},\"query-input\":{\"@type\":\"PropertyValueSpecification\",\"valueRequired\":true,\"valueName\":\"search_term_string\"}}],\"inLanguage\":\"fr-FR\"}]}<\/script>\n<!-- \/ Yoast SEO plugin. -->","yoast_head_json":{"title":"Contact - CBD Naturel Fran\u00e7ais","description":"Besoin d\u2019informations sur nos produits de CBD 100% naturels et fran\u00e7ais ? Contactez notre \u00e9quipe d\u00e8s aujourd\u2019hui.","robots":{"index":"index","follow":"follow","max-snippet":"max-snippet:-1","max-image-preview":"max-image-preview:large","max-video-preview":"max-video-preview:-1"},"canonical":"https:\/\/www.cbdnaturelfran\u00e7ais.fr\/?page_id=52","og_locale":"fr_FR","og_type":"article","og_title":"Contact - CBD Naturel Fran\u00e7ais","og_description":"Besoin d\u2019informations sur nos produits de CBD 100% naturels et fran\u00e7ais ? Contactez notre \u00e9quipe d\u00e8s aujourd\u2019hui.","og_url":"https:\/\/www.cbdnaturelfran\u00e7ais.fr\/?page_id=52","og_site_name":"CBD Naturel Fran\u00e7ais","article_modified_time":"2025-11-09T23:10:46+00:00","twitter_card":"summary_large_image","twitter_misc":{"Dur\u00e9e de lecture estim\u00e9e":"1 minute"},"schema":{"@context":"https:\/\/schema.org","@graph":[{"@type":"WebPage","@id":"https:\/\/www.cbdnaturelfran\u00e7ais.fr\/?page_id=52","url":"https:\/\/www.cbdnaturelfran\u00e7ais.fr\/?page_id=52","name":"Contact - CBD Naturel Fran\u00e7ais","isPartOf":{"@id":"https:\/\/www.cbdnaturelfran\u00e7ais.fr\/#website"},"datePublished":"2025-05-08T23:40:03+00:00","dateModified":"2025-11-09T23:10:46+00:00","description":"Besoin d\u2019informations sur nos produits de CBD 100% naturels et fran\u00e7ais ? Contactez notre \u00e9quipe d\u00e8s aujourd\u2019hui.","breadcrumb":{"@id":"https:\/\/www.cbdnaturelfran\u00e7ais.fr\/?page_id=52#breadcrumb"},"inLanguage":"fr-FR","potentialAction":[{"@type":"ReadAction","target":["https:\/\/www.cbdnaturelfran\u00e7ais.fr\/?page_id=52"]}]},{"@type":"BreadcrumbList","@id":"https:\/\/www.cbdnaturelfran\u00e7ais.fr\/?page_id=52#breadcrumb","itemListElement":[{"@type":"ListItem","position":1,"name":"Accueil","item":"https:\/\/www.cbdnaturelfran\u00e7ais.fr\/"},{"@type":"ListItem","position":2,"name":"Contact"}]},{"@type":"WebSite","@id":"https:\/\/www.cbdnaturelfran\u00e7ais.fr\/#website","url":"https:\/\/www.cbdnaturelfran\u00e7ais.fr\/","name":"CBD Naturel Fran\u00e7ais","description":"La Nature au Service de votre Bien \u00eatre","potentialAction":[{"@type":"SearchAction","target":{"@type":"EntryPoint","urlTemplate":"https:\/\/www.cbdnaturelfran\u00e7ais.fr\/?s={search_term_string}"},"query-input":{"@type":"PropertyValueSpecification","valueRequired":true,"valueName":"search_term_string"}}],"inLanguage":"fr-FR"}]}},"jetpack_sharing_enabled":true,"_links":{"self":[{"href":"https:\/\/www.cbdnaturelfran\u00e7ais.fr\/index.php?rest_route=\/wp\/v2\/pages\/52","targetHints":{"allow":["GET"]}}],"collection":[{"href":"https:\/\/www.cbdnaturelfran\u00e7ais.fr\/index.php?rest_route=\/wp\/v2\/pages"}],"about":[{"href":"https:\/\/www.cbdnaturelfran\u00e7ais.fr\/index.php?rest_route=\/wp\/v2\/types\/page"}],"author":[{"embeddable":true,"href":"https:\/\/www.cbdnaturelfran\u00e7ais.fr\/index.php?rest_route=\/wp\/v2\/users\/1"}],"replies":[{"embeddable":true,"href":"https:\/\/www.cbdnaturelfran\u00e7ais.fr\/index.php?rest_route=%2Fwp%2Fv2%2Fcomments&post=52"}],"version-history":[{"count":52,"href":"https:\/\/www.cbdnaturelfran\u00e7ais.fr\/index.php?rest_route=\/wp\/v2\/pages\/52\/revisions"}],"predecessor-version":[{"id":995,"href":"https:\/\/www.cbdnaturelfran\u00e7ais.fr\/index.php?rest_route=\/wp\/v2\/pages\/52\/revisions\/995"}],"wp:attachment":[{"href":"https:\/\/www.cbdnaturelfran\u00e7ais.fr\/index.php?rest_route=%2Fwp%2Fv2%2Fmedia&parent=52"}],"curies":[{"name":"wp","href":"https:\/\/api.w.org\/{rel}","templated":true}]}}